{"id":255,"date":"2022-12-20T22:54:20","date_gmt":"2022-12-20T22:54:20","guid":{"rendered":"https:\/\/www.cabukel.com\/tr\/?page_id=255"},"modified":"2025-05-20T16:12:50","modified_gmt":"2025-05-20T16:12:50","slug":"tela-bez-canta-alt-koruklu-promosyon-canta","status":"publish","type":"page","link":"https:\/\/www.cabukel.com\/tr\/tela-bez-canta-alt-koruklu-promosyon-canta\/","title":{"rendered":"Tela Bez \u00c7anta (Alt K\u00f6r\u00fckl\u00fc)"},"content":{"rendered":"","protected":false},"excerpt":{"rendered":"","protected":false},"author":1,"featured_media":0,"parent":0,"menu_order":0,"comment_status":"closed","ping_status":"closed","template":"","meta":[],"_links":{"self":[{"href":"https:\/\/www.cabukel.com\/tr\/wp-json\/wp\/v2\/pages\/255"}],"collection":[{"href":"https:\/\/www.cabukel.com\/tr\/wp-json\/wp\/v2\/pages"}],"about":[{"href":"https:\/\/www.cabukel.com\/tr\/wp-json\/wp\/v2\/types\/page"}],"author":[{"embeddable":true,"href":"https:\/\/www.cabukel.com\/tr\/wp-json\/wp\/v2\/users\/1"}],"replies":[{"embeddable":true,"href":"https:\/\/www.cabukel.com\/tr\/wp-json\/wp\/v2\/comments?post=255"}],"version-history":[{"count":2,"href":"https:\/\/www.cabukel.com\/tr\/wp-json\/wp\/v2\/pages\/255\/revisions"}],"predecessor-version":[{"id":309,"href":"https:\/\/www.cabukel.com\/tr\/wp-json\/wp\/v2\/pages\/255\/revisions\/309"}],"wp:attachment":[{"href":"https:\/\/www.cabukel.com\/tr\/wp-json\/wp\/v2\/media?parent=255"}],"curies":[{"name":"wp","href":"https:\/\/api.w.org\/{rel}","templated":true}]}}