{"id":257,"date":"2022-12-20T22:54:48","date_gmt":"2022-12-20T22:54:48","guid":{"rendered":"https:\/\/www.cabukel.com\/tr\/?page_id=257"},"modified":"2026-04-01T11:51:51","modified_gmt":"2026-04-01T11:51:51","slug":"tela-bez-canta-alt-ve-yan-koruklu-promosyon-canta","status":"publish","type":"page","link":"https:\/\/www.cabukel.com\/tr\/tela-bez-canta-alt-ve-yan-koruklu-promosyon-canta\/","title":{"rendered":"Tela Bez \u00c7anta (Alt ve Yan K\u00f6r\u00fckl\u00fc)"},"content":{"rendered":"","protected":false},"excerpt":{"rendered":"","protected":false},"author":1,"featured_media":0,"parent":0,"menu_order":0,"comment_status":"closed","ping_status":"closed","template":"","meta":[],"_links":{"self":[{"href":"https:\/\/www.cabukel.com\/tr\/wp-json\/wp\/v2\/pages\/257"}],"collection":[{"href":"https:\/\/www.cabukel.com\/tr\/wp-json\/wp\/v2\/pages"}],"about":[{"href":"https:\/\/www.cabukel.com\/tr\/wp-json\/wp\/v2\/types\/page"}],"author":[{"embeddable":true,"href":"https:\/\/www.cabukel.com\/tr\/wp-json\/wp\/v2\/users\/1"}],"replies":[{"embeddable":true,"href":"https:\/\/www.cabukel.com\/tr\/wp-json\/wp\/v2\/comments?post=257"}],"version-history":[{"count":3,"href":"https:\/\/www.cabukel.com\/tr\/wp-json\/wp\/v2\/pages\/257\/revisions"}],"predecessor-version":[{"id":311,"href":"https:\/\/www.cabukel.com\/tr\/wp-json\/wp\/v2\/pages\/257\/revisions\/311"}],"wp:attachment":[{"href":"https:\/\/www.cabukel.com\/tr\/wp-json\/wp\/v2\/media?parent=257"}],"curies":[{"name":"wp","href":"https:\/\/api.w.org\/{rel}","templated":true}]}}